{"id":309,"date":"2021-06-11T19:58:41","date_gmt":"2021-06-11T16:58:41","guid":{"rendered":"http:\/\/latoteatteri.fi\/?page_id=309"},"modified":"2025-05-28T19:53:33","modified_gmt":"2025-05-28T16:53:33","slug":"esitysajat","status":"publish","type":"page","link":"http:\/\/latoteatteri.fi\/index.php\/esitysajat\/","title":{"rendered":"Esitysajat 2025"},"content":{"rendered":"\n<p>SU 10.8. KLO 18  ENSI-ILTA<\/p>\n\n\n\n<p>TI 12.8. KLO 19<\/p>\n\n\n\n<p>SU 17.8. KLO 13<\/p>\n\n\n\n<p>TI 19.8. KLO 19<\/p>\n\n\n\n<p>SU 24.8. KLO 13 JA KLO 17<\/p>\n\n\n\n<p>TI 26.8. KLO 19<\/p>\n\n\n\n<p>KE 27.8. KLO 19<\/p>\n\n\n\n<p>TO 28.8. KLO 19<\/p>\n\n\n\n<p>LA 30.8. KLO 18 VIIMEINEN ESITYS JA ELOJUHLATANSSI<\/p>\n\n\n\n<p>Nyt kannattaa jo ruveta varaamaan lippuja, sill\u00e4 paikat jaetaan ilmoittautumisj\u00e4rjestyksess\u00e4!<\/p>\n\n\n\n<p>Liput 20\/10 \u20ac alle kouluik\u00e4iset ilmaiseksi. LIPUNMYYNTI: lipunmyynti.latoteatteri@gmail.com, puh. 050 35 777 55<\/p>\n","protected":false},"excerpt":{"rendered":"<p>SU 10.8. KLO 18 ENSI-ILTA TI 12.8. KLO 19 SU 17.8. KLO 13 TI 19.8. KLO 19 SU 24.8. KLO 13 JA KLO 17 TI 26.8. KLO 19 KE 27.8. KLO 19 TO 28.8. KLO 19 LA 30.8. KLO 18 VIIMEINEN ESITYS JA ELOJUHLATANSSI Nyt kannattaa jo ruveta varaamaan lippuja, sill\u00e4 paikat jaetaan ilmoittautumisj\u00e4rjestyksess\u00e4! Liput [&hellip;]<\/p>\n","protected":false},"author":1,"featured_media":0,"parent":0,"menu_order":0,"comment_status":"closed","ping_status":"closed","template":"","meta":{"footnotes":""},"class_list":["post-309","page","type-page","status-publish","hentry"],"_links":{"self":[{"href":"http:\/\/latoteatteri.fi\/index.php\/wp-json\/wp\/v2\/pages\/309","targetHints":{"allow":["GET"]}}],"collection":[{"href":"http:\/\/latoteatteri.fi\/index.php\/wp-json\/wp\/v2\/pages"}],"about":[{"href":"http:\/\/latoteatteri.fi\/index.php\/wp-json\/wp\/v2\/types\/page"}],"author":[{"embeddable":true,"href":"http:\/\/latoteatteri.fi\/index.php\/wp-json\/wp\/v2\/users\/1"}],"replies":[{"embeddable":true,"href":"http:\/\/latoteatteri.fi\/index.php\/wp-json\/wp\/v2\/comments?post=309"}],"version-history":[{"count":19,"href":"http:\/\/latoteatteri.fi\/index.php\/wp-json\/wp\/v2\/pages\/309\/revisions"}],"predecessor-version":[{"id":573,"href":"http:\/\/latoteatteri.fi\/index.php\/wp-json\/wp\/v2\/pages\/309\/revisions\/573"}],"wp:attachment":[{"href":"http:\/\/latoteatteri.fi\/index.php\/wp-json\/wp\/v2\/media?parent=309"}],"curies":[{"name":"wp","href":"https:\/\/api.w.org\/{rel}","templated":true}]}}